{"id":96,"date":"2023-01-16T21:05:24","date_gmt":"2023-01-16T20:05:24","guid":{"rendered":"https:\/\/www.tomesa.sk\/?page_id=96"},"modified":"2023-01-16T22:35:40","modified_gmt":"2023-01-16T21:35:40","slug":"system-tomesa","status":"publish","type":"page","link":"https:\/\/www.tomesa.sk\/?page_id=96","title":{"rendered":"Syst\u00e9m TOMESA"},"content":{"rendered":"\n<p>Syst\u00e9m TOMESA je \u017eiari\u010d celotelov\u00e9ho typu. Syst\u00e9m TOMESA je vyr\u00e1ban\u00fd jedin\u00fdm v\u00fdrobcom &#8211; firmou GR\u00dcNBECK GmbH v Nemecku. T\u00e1to technol\u00f3gia je celosvetovo chr\u00e1nen\u00e1 patentami.<\/p>\n\n\n\n<p>V lie\u010debnom centre v Bratislave je umiestnen\u00fdch 5 terapeutick\u00fdch zariaden\u00ed TOMESA v jednotliv\u00fdch k\u00f3jach. Ka\u017ed\u00e1 k\u00f3ja je uzavierate\u013en\u00e1 pre jedn\u00e9ho pacienta. V k\u00f3ji je umiestnen\u00fd sprchov\u00fd k\u00fat k pou\u017eitiu pred lie\u010debnou k\u00fape\u013enou proced\u00farou \/u ekzematikov tie\u017e po k\u00fapeli\/ a vybavenie pre odlo\u017eenie oble\u010denia. V k\u00f3ji sa \u010falej nach\u00e1dza samotn\u00e9 zariadenie TOMESA, ktor\u00e9 pozost\u00e1va z anatomickej vane, nad ktorou je umiestnen\u00e1 kon\u0161trukcia s UVB trubicami. V k\u00f3ji je \u010falej regula\u010dn\u00e1 a filtra\u010dn\u00e1 skri\u0148a. Va\u0148a m\u00e1 v\u00fd\u0161ku 45 cm, je z plastickej hmoty a je anatomicky tvarovan\u00e1 tak, \u017ee umo\u017e\u0148uje pohodln\u00e9 ulo\u017eenie hlavy a kon\u010dat\u00edn, ako aj ot\u00e1\u010danie pacienta. Je koncipovan\u00e1 na objem 300 l so\u013en\u00e9ho roztoku. <strong>Ide o so\u013en\u00fd roztok, ktor\u00e9ho zlo\u017eenie je prakticky rovnak\u00e9 ako zlo\u017eenie M\u0155tveho mora. <\/strong>Nad va\u0148ou s\u00fa umiestnen\u00e9 o\u017earovacie &#8222;nebes\u00e1&#8220; s reflexn\u00fdm oblo\u017een\u00edm, vybaven\u00e9 5 lampami Philips TL 01 \/100 Watt\/ , ktor\u00e9 vy\u017earuj\u00fa <strong>\u00fazkop\u00e1smov\u00e9 vysoko\u00fa\u010dinn\u00e9 UVB spektrum<\/strong> \/311nm\/.<\/p>\n\n\n\n<p class=\"has-medium-font-size\"><strong>Popis syst\u00e9mu TOMESA<\/strong><\/p>\n\n\n\n<p>Jedine\u010dn\u00e9 syst\u00e9my TOMESA umo\u017e\u0148uj\u00fa vykon\u00e1va\u0165 synchr\u00f3nnu balneofototerapiu, tzv. imit\u00e1ciu klimatick\u00fdch podmienok pri M\u0155tvom mori. \u010co to znamen\u00e1? Pacient le\u017e\u00ed v pohodlnej vani, v k\u00fapeli so so\u013eou z M\u0155tveho mora a s\u00fa\u010dasne sa o\u017earuje sol\u00e1riom, ktor\u00e9 je umiestnen\u00e9 nad va\u0148ou. Takto je vytvoren\u00e1 ide\u00e1lna kombin\u00e1cia \u201cmora a slnka\u201c. T\u00e1to pr\u00edrodn\u00e1 forma lie\u010dby m\u00e1 v\u00fdborn\u00e9 v\u00fdsledky u lie\u010dby psori\u00e1zy, atopick\u00e9ho ekz\u00e9mu, akn\u00e9 a in\u00fdch ko\u017en\u00fdch ochoren\u00ed. Pou\u017eit\u00e9 \u017eiarenie UVB 311nm je \u0161etrn\u00e9 k poko\u017eke a pritom naj\u00fa\u010dinnej\u0161ie pri lie\u010dbe uveden\u00fdch ko\u017en\u00fdch ochoren\u00ed. Po absolvovan\u00ed terapi\u00ed zost\u00e1va poko\u017eka e\u0161te dlh\u00fd \u010das s\u00famerne op\u00e1len\u00e1. Morsk\u00fd k\u00fape\u013e s pr\u00edjemnou teplotou 37\u00b0C je bohat\u00fd na miner\u00e1ly, ktor\u00e9 poko\u017eku vy\u017eivuj\u00fa a upokojuj\u00fa a priaznivo p\u00f4sobia na celkov\u00fd svalov\u00fd a k\u013abov\u00fd syst\u00e9m.<\/p>\n\n\n\n<p class=\"has-medium-font-size\"><strong>Proced\u00fary<\/strong><\/p>\n\n\n\n<p>D\u013a\u017eka a sp\u00f4sob lie\u010dby pacienta s\u00fa individu\u00e1lne stanoven\u00e9 pri vy\u0161etren\u00ed pacienta odborn\u00fdm lek\u00e1rom a pod\u013ea pokynov lek\u00e1ra za\u0161kolen\u00e9 asistentky naprogramuj\u00fa na vonkaj\u0161om displeji regula\u010dnej skrine dobu k\u00fape\u013ea \/5 &#8211; 30 min.\/ a expozi\u010dn\u00fa dobu \u017eiarenia \/1 &#8211; 30 min\/. Nevyhnutnou podmienkou pre pacienta s\u00fa ochrann\u00e9 okuliare s UV filtrom a dodr\u017eanie \u010fal\u0161\u00edch bezpe\u010dnostn\u00fdch opatren\u00ed.<\/p>\n\n\n\n<p>Po ulo\u017een\u00ed pacienta do vane sol\u00e1rium klesne do vzdialenosti 75 cm nad hladinou vody. Proces lie\u010dby je pr\u00edjemn\u00fd, nedr\u00e1\u017ediv\u00fd a bezpe\u010dn\u00fd. V pr\u00edpade akejko\u013evek komplik\u00e1cie pacient potiahne mechanick\u00fd vyp\u00edna\u010d zariadenia. Pacient sa vo vode ot\u00e1\u010da z d\u00f4vodu rovnomern\u00e9ho o\u017eiarenia, a to pod\u013ea intervalov\u00fdch zvukov\u00fdch sign\u00e1lov, ktor\u00e9 s\u00fa naprogramovan\u00e9 v&nbsp;po\u010d\u00edta\u010di regula\u010dnej skrine. Po\u010das celej proced\u00fary sa asistentka zdr\u017euje v bl\u00edzkosti k\u00f3je a je pacientovi v pr\u00edpade potreby k dispoz\u00edcii.<\/p>\n\n\n\n<p>Frekvencia po\u010dtu terapi\u00ed sa v z\u00e1kladnej k\u00fare pohybuje v rozp\u00e4t\u00ed priemerne 4 \u2013 5 kr\u00e1t t\u00fd\u017edenne. Po\u010det terapi\u00ed za t\u00fd\u017ede\u0148 by nemal by\u0165 ni\u017e\u0161\u00ed ako 3 kr\u00e1t a vy\u0161\u0161\u00ed ne\u017e 5 kr\u00e1t. Pri intenz\u00edvnej lie\u010dbe 5x t\u00fd\u017edenne nast\u00e1va v\u00fdrazn\u00e9 zlep\u0161enie ochorenia u\u017e po mesiaci. Z\u00e1kladn\u00e1 k\u00fara predstavuje 25 proced\u00far, na ktor\u00e9 sa pod\u013ea potreby navia\u017ee doplnkov\u00e1 k\u00fara v rozsahu 15 proced\u00far v men\u0161ej frekvencii &#8211; pod\u013ea stavu pacienta. Pri o\u017earovan\u00ed 3 kr\u00e1t t\u00fd\u017edenne je n\u00e1stup efektu pomal\u0161\u00ed &#8211; k zhojeniu doch\u00e1dza v priemere a\u017e za 2 mesiace. Doplnkov\u00e1 k\u00fara signifikantne predl\u017euje dobu trvania remisi\u00ed, pod\u013ea klinick\u00e9ho stavu pacienta sa vykon\u00e1va v rozp\u00e4t\u00ed 2-3 mesiacov. Frekvencia sa pohybuje v priemere od 1 &#8211; 2 kr\u00e1t t\u00fd\u017edenne.<\/p>\n\n\n\n<p class=\"has-medium-font-size\"><strong>K\u00fape\u013ee<\/strong><\/p>\n\n\n\n<p>Pr\u00edsadov\u00fd k\u00fape\u013e \u2013 so\u013e z M\u0155tveho mora<\/p>\n\n\n\n<p>Blahod\u00e1rny \u00fa\u010dinok soli z M\u0155tveho mora bol zn\u00e1my a vyu\u017e\u00edvan\u00fd u\u017e v antick\u00fdch \u010dasoch. So\u013e z M\u0155tveho mora v\u010fa\u010d\u00ed za t\u00fato schopnos\u0165 miner\u00e1lom ako sod\u00edk, magn\u00e9ziom, kalcium, kalium, sel\u00e9n, br\u00f3m a in\u00e9. So\u013en\u00fd k\u00fape\u013e poko\u017eku \u010dist\u00ed, upokojuje, hydratuje a vy\u017eivuje. Okrem psori\u00e1zy a r\u00f4znych alergi\u00ed je k\u00fape\u013e \u00fa\u010dinn\u00fd pri probl\u00e9moch s reumatizmom, ischiasom, boles\u0165ami k\u013abov a svalov. Odstra\u0148uje \u00fanavu a stres, upokojuje nervov\u00fa s\u00fastavu a celkovo zmier\u0148uje bolesti. \u00da\u010dinok k\u00fape\u013ea je mo\u017en\u00e9 zv\u00fd\u0161i\u0165 mas\u00e1\u017eou cel\u00e9ho tela. Zlo\u017eenie: so\u013e z M\u0155tveho mora.<\/p>\n","protected":false},"excerpt":{"rendered":"<p>Syst\u00e9m TOMESA je \u017eiari\u010d celotelov\u00e9ho typu. Syst\u00e9m TOMESA je vyr\u00e1ban\u00fd jedin\u00fdm v\u00fdrobcom &#8211; firmou GR\u00dcNBECK GmbH v Nemecku. T\u00e1to technol\u00f3gia je celosvetovo chr\u00e1nen\u00e1 patentami. V lie\u010debnom centre v Bratislave je umiestnen\u00fdch 5 terapeutick\u00fdch zariaden\u00ed TOMESA v jednotliv\u00fdch k\u00f3jach. Ka\u017ed\u00e1 k\u00f3ja je uzavierate\u013en\u00e1 pre jedn\u00e9ho pacienta. V k\u00f3ji je umiestnen\u00fd sprchov\u00fd k\u00fat k pou\u017eitiu pred lie\u010debnou &hellip; <a href=\"https:\/\/www.tomesa.sk\/?page_id=96\" class=\"more-link\">Pokra\u010dova\u0165 v \u010d\u00edtan\u00ed<span class=\"screen-reader-text\"> &#8222;Syst\u00e9m TOMESA&#8220;<\/span><\/a><\/p>\n","protected":false},"author":1,"featured_media":0,"parent":0,"menu_order":0,"comment_status":"closed","ping_status":"closed","template":"","meta":{"_monsterinsights_skip_tracking":false,"_monsterinsights_sitenote_active":false,"_monsterinsights_sitenote_note":"","_monsterinsights_sitenote_category":0,"footnotes":""},"class_list":["post-96","page","type-page","status-publish","hentry"],"yoast_head":"<!-- This site is optimized with the Yoast SEO plugin v27.4 - https:\/\/yoast.com\/product\/yoast-seo-wordpress\/ -->\n<title>Syst\u00e9m TOMESA - TOMESA<\/title>\n<meta name=\"robots\" content=\"index, follow, max-snippet:-1, max-image-preview:large, max-video-preview:-1\" \/>\n<link rel=\"canonical\" href=\"https:\/\/www.tomesa.sk\/?page_id=96\" \/>\n<meta property=\"og:locale\" content=\"sk_SK\" \/>\n<meta property=\"og:type\" content=\"article\" \/>\n<meta property=\"og:title\" content=\"Syst\u00e9m TOMESA - TOMESA\" \/>\n<meta property=\"og:description\" content=\"Syst\u00e9m TOMESA je \u017eiari\u010d celotelov\u00e9ho typu. Syst\u00e9m TOMESA je vyr\u00e1ban\u00fd jedin\u00fdm v\u00fdrobcom &#8211; firmou GR\u00dcNBECK GmbH v Nemecku. T\u00e1to technol\u00f3gia je celosvetovo chr\u00e1nen\u00e1 patentami. V lie\u010debnom centre v Bratislave je umiestnen\u00fdch 5 terapeutick\u00fdch zariaden\u00ed TOMESA v jednotliv\u00fdch k\u00f3jach. Ka\u017ed\u00e1 k\u00f3ja je uzavierate\u013en\u00e1 pre jedn\u00e9ho pacienta. V k\u00f3ji je umiestnen\u00fd sprchov\u00fd k\u00fat k pou\u017eitiu pred lie\u010debnou &hellip; Pokra\u010dova\u0165 v \u010d\u00edtan\u00ed &quot;Syst\u00e9m TOMESA&quot;\" \/>\n<meta property=\"og:url\" content=\"https:\/\/www.tomesa.sk\/?page_id=96\" \/>\n<meta property=\"og:site_name\" content=\"TOMESA\" \/>\n<meta property=\"article:modified_time\" content=\"2023-01-16T21:35:40+00:00\" \/>\n<meta name=\"twitter:card\" content=\"summary_large_image\" \/>\n<meta name=\"twitter:label1\" content=\"Predpokladan\u00fd \u010das \u010d\u00edtania\" \/>\n\t<meta name=\"twitter:data1\" content=\"4 min\u00faty\" \/>\n<script type=\"application\/ld+json\" class=\"yoast-schema-graph\">{\"@context\":\"https:\\\/\\\/schema.org\",\"@graph\":[{\"@type\":\"WebPage\",\"@id\":\"https:\\\/\\\/www.tomesa.sk\\\/?page_id=96\",\"url\":\"https:\\\/\\\/www.tomesa.sk\\\/?page_id=96\",\"name\":\"Syst\u00e9m TOMESA - TOMESA\",\"isPartOf\":{\"@id\":\"https:\\\/\\\/www.tomesa.sk\\\/#website\"},\"datePublished\":\"2023-01-16T20:05:24+00:00\",\"dateModified\":\"2023-01-16T21:35:40+00:00\",\"breadcrumb\":{\"@id\":\"https:\\\/\\\/www.tomesa.sk\\\/?page_id=96#breadcrumb\"},\"inLanguage\":\"sk-SK\",\"potentialAction\":[{\"@type\":\"ReadAction\",\"target\":[\"https:\\\/\\\/www.tomesa.sk\\\/?page_id=96\"]}]},{\"@type\":\"BreadcrumbList\",\"@id\":\"https:\\\/\\\/www.tomesa.sk\\\/?page_id=96#breadcrumb\",\"itemListElement\":[{\"@type\":\"ListItem\",\"position\":1,\"name\":\"Home\",\"item\":\"https:\\\/\\\/www.tomesa.sk\\\/\"},{\"@type\":\"ListItem\",\"position\":2,\"name\":\"Syst\u00e9m TOMESA\"}]},{\"@type\":\"WebSite\",\"@id\":\"https:\\\/\\\/www.tomesa.sk\\\/#website\",\"url\":\"https:\\\/\\\/www.tomesa.sk\\\/\",\"name\":\"TOMESA\",\"description\":\"Lie\u010debn\u00e9 Centrum Bratislava\",\"publisher\":{\"@id\":\"https:\\\/\\\/www.tomesa.sk\\\/#organization\"},\"potentialAction\":[{\"@type\":\"SearchAction\",\"target\":{\"@type\":\"EntryPoint\",\"urlTemplate\":\"https:\\\/\\\/www.tomesa.sk\\\/?s={search_term_string}\"},\"query-input\":{\"@type\":\"PropertyValueSpecification\",\"valueRequired\":true,\"valueName\":\"search_term_string\"}}],\"inLanguage\":\"sk-SK\"},{\"@type\":\"Organization\",\"@id\":\"https:\\\/\\\/www.tomesa.sk\\\/#organization\",\"name\":\"TOMESA\",\"url\":\"https:\\\/\\\/www.tomesa.sk\\\/\",\"logo\":{\"@type\":\"ImageObject\",\"inLanguage\":\"sk-SK\",\"@id\":\"https:\\\/\\\/www.tomesa.sk\\\/#\\\/schema\\\/logo\\\/image\\\/\",\"url\":\"https:\\\/\\\/www.tomesa.sk\\\/wp-content\\\/uploads\\\/2023\\\/01\\\/image002.png\",\"contentUrl\":\"https:\\\/\\\/www.tomesa.sk\\\/wp-content\\\/uploads\\\/2023\\\/01\\\/image002.png\",\"width\":230,\"height\":220,\"caption\":\"TOMESA\"},\"image\":{\"@id\":\"https:\\\/\\\/www.tomesa.sk\\\/#\\\/schema\\\/logo\\\/image\\\/\"}}]}<\/script>\n<!-- \/ Yoast SEO plugin. -->","yoast_head_json":{"title":"Syst\u00e9m TOMESA - TOMESA","robots":{"index":"index","follow":"follow","max-snippet":"max-snippet:-1","max-image-preview":"max-image-preview:large","max-video-preview":"max-video-preview:-1"},"canonical":"https:\/\/www.tomesa.sk\/?page_id=96","og_locale":"sk_SK","og_type":"article","og_title":"Syst\u00e9m TOMESA - TOMESA","og_description":"Syst\u00e9m TOMESA je \u017eiari\u010d celotelov\u00e9ho typu. Syst\u00e9m TOMESA je vyr\u00e1ban\u00fd jedin\u00fdm v\u00fdrobcom &#8211; firmou GR\u00dcNBECK GmbH v Nemecku. T\u00e1to technol\u00f3gia je celosvetovo chr\u00e1nen\u00e1 patentami. V lie\u010debnom centre v Bratislave je umiestnen\u00fdch 5 terapeutick\u00fdch zariaden\u00ed TOMESA v jednotliv\u00fdch k\u00f3jach. Ka\u017ed\u00e1 k\u00f3ja je uzavierate\u013en\u00e1 pre jedn\u00e9ho pacienta. V k\u00f3ji je umiestnen\u00fd sprchov\u00fd k\u00fat k pou\u017eitiu pred lie\u010debnou &hellip; Pokra\u010dova\u0165 v \u010d\u00edtan\u00ed \"Syst\u00e9m TOMESA\"","og_url":"https:\/\/www.tomesa.sk\/?page_id=96","og_site_name":"TOMESA","article_modified_time":"2023-01-16T21:35:40+00:00","twitter_card":"summary_large_image","twitter_misc":{"Predpokladan\u00fd \u010das \u010d\u00edtania":"4 min\u00faty"},"schema":{"@context":"https:\/\/schema.org","@graph":[{"@type":"WebPage","@id":"https:\/\/www.tomesa.sk\/?page_id=96","url":"https:\/\/www.tomesa.sk\/?page_id=96","name":"Syst\u00e9m TOMESA - TOMESA","isPartOf":{"@id":"https:\/\/www.tomesa.sk\/#website"},"datePublished":"2023-01-16T20:05:24+00:00","dateModified":"2023-01-16T21:35:40+00:00","breadcrumb":{"@id":"https:\/\/www.tomesa.sk\/?page_id=96#breadcrumb"},"inLanguage":"sk-SK","potentialAction":[{"@type":"ReadAction","target":["https:\/\/www.tomesa.sk\/?page_id=96"]}]},{"@type":"BreadcrumbList","@id":"https:\/\/www.tomesa.sk\/?page_id=96#breadcrumb","itemListElement":[{"@type":"ListItem","position":1,"name":"Home","item":"https:\/\/www.tomesa.sk\/"},{"@type":"ListItem","position":2,"name":"Syst\u00e9m TOMESA"}]},{"@type":"WebSite","@id":"https:\/\/www.tomesa.sk\/#website","url":"https:\/\/www.tomesa.sk\/","name":"TOMESA","description":"Lie\u010debn\u00e9 Centrum Bratislava","publisher":{"@id":"https:\/\/www.tomesa.sk\/#organization"},"potentialAction":[{"@type":"SearchAction","target":{"@type":"EntryPoint","urlTemplate":"https:\/\/www.tomesa.sk\/?s={search_term_string}"},"query-input":{"@type":"PropertyValueSpecification","valueRequired":true,"valueName":"search_term_string"}}],"inLanguage":"sk-SK"},{"@type":"Organization","@id":"https:\/\/www.tomesa.sk\/#organization","name":"TOMESA","url":"https:\/\/www.tomesa.sk\/","logo":{"@type":"ImageObject","inLanguage":"sk-SK","@id":"https:\/\/www.tomesa.sk\/#\/schema\/logo\/image\/","url":"https:\/\/www.tomesa.sk\/wp-content\/uploads\/2023\/01\/image002.png","contentUrl":"https:\/\/www.tomesa.sk\/wp-content\/uploads\/2023\/01\/image002.png","width":230,"height":220,"caption":"TOMESA"},"image":{"@id":"https:\/\/www.tomesa.sk\/#\/schema\/logo\/image\/"}}]}},"_links":{"self":[{"href":"https:\/\/www.tomesa.sk\/index.php?rest_route=\/wp\/v2\/pages\/96","targetHints":{"allow":["GET"]}}],"collection":[{"href":"https:\/\/www.tomesa.sk\/index.php?rest_route=\/wp\/v2\/pages"}],"about":[{"href":"https:\/\/www.tomesa.sk\/index.php?rest_route=\/wp\/v2\/types\/page"}],"author":[{"embeddable":true,"href":"https:\/\/www.tomesa.sk\/index.php?rest_route=\/wp\/v2\/users\/1"}],"replies":[{"embeddable":true,"href":"https:\/\/www.tomesa.sk\/index.php?rest_route=%2Fwp%2Fv2%2Fcomments&post=96"}],"version-history":[{"count":3,"href":"https:\/\/www.tomesa.sk\/index.php?rest_route=\/wp\/v2\/pages\/96\/revisions"}],"predecessor-version":[{"id":149,"href":"https:\/\/www.tomesa.sk\/index.php?rest_route=\/wp\/v2\/pages\/96\/revisions\/149"}],"wp:attachment":[{"href":"https:\/\/www.tomesa.sk\/index.php?rest_route=%2Fwp%2Fv2%2Fmedia&parent=96"}],"curies":[{"name":"wp","href":"https:\/\/api.w.org\/{rel}","templated":true}]}}