{"id":9,"date":"2023-01-16T18:53:16","date_gmt":"2023-01-16T17:53:16","guid":{"rendered":"https:\/\/www.tomesa.sk\/?page_id=9"},"modified":"2026-01-27T13:47:20","modified_gmt":"2026-01-27T12:47:20","slug":"o-stranke","status":"publish","type":"page","link":"https:\/\/www.tomesa.sk\/?page_id=9","title":{"rendered":"Dermatovenerologick\u00e1 ambulancia"},"content":{"rendered":"\n<p>Dematol\u00f3g, <strong>MUDr. Daniela Brezov\u00e1<\/strong> je sk\u00fasen\u00fd odborn\u00fd lek\u00e1r so \u0161pecializ\u00e1ciou na diagn\u00f3zy indikovan\u00e9 pri terapii TOMESA. Po d\u00f4kladnom vy\u0161etren\u00ed stanovuje diagn\u00f3zu, indik\u00e1ciu pre TOMESA a\u00a0d\u013a\u017eku a\u00a0intenzitu lie\u010debnej k\u00fary.\u00a0<\/p>\n\n\n\n<p>Medzi hlavn\u00e9 diagn\u00f3zy indikovan\u00e9 pre TOMESA terapie patr\u00ed:<\/p>\n\n\n\n<ul class=\"wp-block-list\">\n<li>psori\u00e1za v\u0161etk\u00fdch foriem, vr\u00e1tane artropatickej<\/li>\n\n\n\n<li>atopick\u00fd ekz\u00e9m<\/li>\n\n\n\n<li>vitiligo<\/li>\n\n\n\n<li>seboroick\u00e1 dermatit\u00edda<\/li>\n\n\n\n<li>sklerodermie<\/li>\n\n\n\n<li>lichenruberplanus<\/li>\n\n\n\n<li>akn\u00e9, hlavne \u0165a\u017ek\u00e9 formy<\/li>\n\n\n\n<li>ichty\u00f3zy<\/li>\n\n\n\n<li>mycosisfugoides<\/li>\n\n\n\n<li>artropatie<\/li>\n\n\n\n<li>alop\u00e9cia<\/li>\n<\/ul>\n","protected":false},"excerpt":{"rendered":"<p>Dematol\u00f3g, MUDr. Daniela Brezov\u00e1 je sk\u00fasen\u00fd odborn\u00fd lek\u00e1r so \u0161pecializ\u00e1ciou na diagn\u00f3zy indikovan\u00e9 pri terapii TOMESA. Po d\u00f4kladnom vy\u0161etren\u00ed stanovuje diagn\u00f3zu, indik\u00e1ciu pre TOMESA a\u00a0d\u013a\u017eku a\u00a0intenzitu lie\u010debnej k\u00fary.\u00a0 Medzi hlavn\u00e9 diagn\u00f3zy indikovan\u00e9 pre TOMESA terapie patr\u00ed:<\/p>\n","protected":false},"author":1,"featured_media":0,"parent":0,"menu_order":0,"comment_status":"closed","ping_status":"closed","template":"","meta":{"_monsterinsights_skip_tracking":false,"_monsterinsights_sitenote_active":false,"_monsterinsights_sitenote_note":"","_monsterinsights_sitenote_category":0,"footnotes":""},"class_list":["post-9","page","type-page","status-publish","hentry"],"yoast_head":"<!-- This site is optimized with the Yoast SEO plugin v27.5 - https:\/\/yoast.com\/product\/yoast-seo-wordpress\/ -->\n<title>Dermatovenerologick\u00e1 ambulancia - TOMESA<\/title>\n<meta name=\"robots\" content=\"index, follow, max-snippet:-1, max-image-preview:large, max-video-preview:-1\" \/>\n<link rel=\"canonical\" href=\"https:\/\/www.tomesa.sk\/?page_id=9\" \/>\n<meta property=\"og:locale\" content=\"sk_SK\" \/>\n<meta property=\"og:type\" content=\"article\" \/>\n<meta property=\"og:title\" content=\"Dermatovenerologick\u00e1 ambulancia - TOMESA\" \/>\n<meta property=\"og:description\" content=\"Dematol\u00f3g, MUDr. Daniela Brezov\u00e1 je sk\u00fasen\u00fd odborn\u00fd lek\u00e1r so \u0161pecializ\u00e1ciou na diagn\u00f3zy indikovan\u00e9 pri terapii TOMESA. Po d\u00f4kladnom vy\u0161etren\u00ed stanovuje diagn\u00f3zu, indik\u00e1ciu pre TOMESA a\u00a0d\u013a\u017eku a\u00a0intenzitu lie\u010debnej k\u00fary.\u00a0 Medzi hlavn\u00e9 diagn\u00f3zy indikovan\u00e9 pre TOMESA terapie patr\u00ed:\" \/>\n<meta property=\"og:url\" content=\"https:\/\/www.tomesa.sk\/?page_id=9\" \/>\n<meta property=\"og:site_name\" content=\"TOMESA\" \/>\n<meta property=\"article:modified_time\" content=\"2026-01-27T12:47:20+00:00\" \/>\n<meta name=\"twitter:card\" content=\"summary_large_image\" \/>\n<meta name=\"twitter:label1\" content=\"Predpokladan\u00fd \u010das \u010d\u00edtania\" \/>\n\t<meta name=\"twitter:data1\" content=\"1 min\u00fata\" \/>\n<script type=\"application\/ld+json\" class=\"yoast-schema-graph\">{\"@context\":\"https:\\\/\\\/schema.org\",\"@graph\":[{\"@type\":\"WebPage\",\"@id\":\"https:\\\/\\\/www.tomesa.sk\\\/?page_id=9\",\"url\":\"https:\\\/\\\/www.tomesa.sk\\\/?page_id=9\",\"name\":\"Dermatovenerologick\u00e1 ambulancia - TOMESA\",\"isPartOf\":{\"@id\":\"https:\\\/\\\/www.tomesa.sk\\\/#website\"},\"datePublished\":\"2023-01-16T17:53:16+00:00\",\"dateModified\":\"2026-01-27T12:47:20+00:00\",\"breadcrumb\":{\"@id\":\"https:\\\/\\\/www.tomesa.sk\\\/?page_id=9#breadcrumb\"},\"inLanguage\":\"sk-SK\",\"potentialAction\":[{\"@type\":\"ReadAction\",\"target\":[\"https:\\\/\\\/www.tomesa.sk\\\/?page_id=9\"]}]},{\"@type\":\"BreadcrumbList\",\"@id\":\"https:\\\/\\\/www.tomesa.sk\\\/?page_id=9#breadcrumb\",\"itemListElement\":[{\"@type\":\"ListItem\",\"position\":1,\"name\":\"Home\",\"item\":\"https:\\\/\\\/www.tomesa.sk\\\/\"},{\"@type\":\"ListItem\",\"position\":2,\"name\":\"Dermatovenerologick\u00e1 ambulancia\"}]},{\"@type\":\"WebSite\",\"@id\":\"https:\\\/\\\/www.tomesa.sk\\\/#website\",\"url\":\"https:\\\/\\\/www.tomesa.sk\\\/\",\"name\":\"TOMESA\",\"description\":\"Lie\u010debn\u00e9 Centrum Bratislava\",\"publisher\":{\"@id\":\"https:\\\/\\\/www.tomesa.sk\\\/#organization\"},\"potentialAction\":[{\"@type\":\"SearchAction\",\"target\":{\"@type\":\"EntryPoint\",\"urlTemplate\":\"https:\\\/\\\/www.tomesa.sk\\\/?s={search_term_string}\"},\"query-input\":{\"@type\":\"PropertyValueSpecification\",\"valueRequired\":true,\"valueName\":\"search_term_string\"}}],\"inLanguage\":\"sk-SK\"},{\"@type\":\"Organization\",\"@id\":\"https:\\\/\\\/www.tomesa.sk\\\/#organization\",\"name\":\"TOMESA\",\"url\":\"https:\\\/\\\/www.tomesa.sk\\\/\",\"logo\":{\"@type\":\"ImageObject\",\"inLanguage\":\"sk-SK\",\"@id\":\"https:\\\/\\\/www.tomesa.sk\\\/#\\\/schema\\\/logo\\\/image\\\/\",\"url\":\"https:\\\/\\\/www.tomesa.sk\\\/wp-content\\\/uploads\\\/2023\\\/01\\\/image002.png\",\"contentUrl\":\"https:\\\/\\\/www.tomesa.sk\\\/wp-content\\\/uploads\\\/2023\\\/01\\\/image002.png\",\"width\":230,\"height\":220,\"caption\":\"TOMESA\"},\"image\":{\"@id\":\"https:\\\/\\\/www.tomesa.sk\\\/#\\\/schema\\\/logo\\\/image\\\/\"}}]}<\/script>\n<!-- \/ Yoast SEO plugin. -->","yoast_head_json":{"title":"Dermatovenerologick\u00e1 ambulancia - TOMESA","robots":{"index":"index","follow":"follow","max-snippet":"max-snippet:-1","max-image-preview":"max-image-preview:large","max-video-preview":"max-video-preview:-1"},"canonical":"https:\/\/www.tomesa.sk\/?page_id=9","og_locale":"sk_SK","og_type":"article","og_title":"Dermatovenerologick\u00e1 ambulancia - TOMESA","og_description":"Dematol\u00f3g, MUDr. Daniela Brezov\u00e1 je sk\u00fasen\u00fd odborn\u00fd lek\u00e1r so \u0161pecializ\u00e1ciou na diagn\u00f3zy indikovan\u00e9 pri terapii TOMESA. Po d\u00f4kladnom vy\u0161etren\u00ed stanovuje diagn\u00f3zu, indik\u00e1ciu pre TOMESA a\u00a0d\u013a\u017eku a\u00a0intenzitu lie\u010debnej k\u00fary.\u00a0 Medzi hlavn\u00e9 diagn\u00f3zy indikovan\u00e9 pre TOMESA terapie patr\u00ed:","og_url":"https:\/\/www.tomesa.sk\/?page_id=9","og_site_name":"TOMESA","article_modified_time":"2026-01-27T12:47:20+00:00","twitter_card":"summary_large_image","twitter_misc":{"Predpokladan\u00fd \u010das \u010d\u00edtania":"1 min\u00fata"},"schema":{"@context":"https:\/\/schema.org","@graph":[{"@type":"WebPage","@id":"https:\/\/www.tomesa.sk\/?page_id=9","url":"https:\/\/www.tomesa.sk\/?page_id=9","name":"Dermatovenerologick\u00e1 ambulancia - TOMESA","isPartOf":{"@id":"https:\/\/www.tomesa.sk\/#website"},"datePublished":"2023-01-16T17:53:16+00:00","dateModified":"2026-01-27T12:47:20+00:00","breadcrumb":{"@id":"https:\/\/www.tomesa.sk\/?page_id=9#breadcrumb"},"inLanguage":"sk-SK","potentialAction":[{"@type":"ReadAction","target":["https:\/\/www.tomesa.sk\/?page_id=9"]}]},{"@type":"BreadcrumbList","@id":"https:\/\/www.tomesa.sk\/?page_id=9#breadcrumb","itemListElement":[{"@type":"ListItem","position":1,"name":"Home","item":"https:\/\/www.tomesa.sk\/"},{"@type":"ListItem","position":2,"name":"Dermatovenerologick\u00e1 ambulancia"}]},{"@type":"WebSite","@id":"https:\/\/www.tomesa.sk\/#website","url":"https:\/\/www.tomesa.sk\/","name":"TOMESA","description":"Lie\u010debn\u00e9 Centrum Bratislava","publisher":{"@id":"https:\/\/www.tomesa.sk\/#organization"},"potentialAction":[{"@type":"SearchAction","target":{"@type":"EntryPoint","urlTemplate":"https:\/\/www.tomesa.sk\/?s={search_term_string}"},"query-input":{"@type":"PropertyValueSpecification","valueRequired":true,"valueName":"search_term_string"}}],"inLanguage":"sk-SK"},{"@type":"Organization","@id":"https:\/\/www.tomesa.sk\/#organization","name":"TOMESA","url":"https:\/\/www.tomesa.sk\/","logo":{"@type":"ImageObject","inLanguage":"sk-SK","@id":"https:\/\/www.tomesa.sk\/#\/schema\/logo\/image\/","url":"https:\/\/www.tomesa.sk\/wp-content\/uploads\/2023\/01\/image002.png","contentUrl":"https:\/\/www.tomesa.sk\/wp-content\/uploads\/2023\/01\/image002.png","width":230,"height":220,"caption":"TOMESA"},"image":{"@id":"https:\/\/www.tomesa.sk\/#\/schema\/logo\/image\/"}}]}},"_links":{"self":[{"href":"https:\/\/www.tomesa.sk\/index.php?rest_route=\/wp\/v2\/pages\/9","targetHints":{"allow":["GET"]}}],"collection":[{"href":"https:\/\/www.tomesa.sk\/index.php?rest_route=\/wp\/v2\/pages"}],"about":[{"href":"https:\/\/www.tomesa.sk\/index.php?rest_route=\/wp\/v2\/types\/page"}],"author":[{"embeddable":true,"href":"https:\/\/www.tomesa.sk\/index.php?rest_route=\/wp\/v2\/users\/1"}],"replies":[{"embeddable":true,"href":"https:\/\/www.tomesa.sk\/index.php?rest_route=%2Fwp%2Fv2%2Fcomments&post=9"}],"version-history":[{"count":6,"href":"https:\/\/www.tomesa.sk\/index.php?rest_route=\/wp\/v2\/pages\/9\/revisions"}],"predecessor-version":[{"id":361,"href":"https:\/\/www.tomesa.sk\/index.php?rest_route=\/wp\/v2\/pages\/9\/revisions\/361"}],"wp:attachment":[{"href":"https:\/\/www.tomesa.sk\/index.php?rest_route=%2Fwp%2Fv2%2Fmedia&parent=9"}],"curies":[{"name":"wp","href":"https:\/\/api.w.org\/{rel}","templated":true}]}}