{"id":8,"date":"2023-01-16T18:53:16","date_gmt":"2023-01-16T17:53:16","guid":{"rendered":"https:\/\/www.tomesa.sk\/?page_id=8"},"modified":"2024-02-12T16:54:18","modified_gmt":"2024-02-12T15:54:18","slug":"uvodna-stranka","status":"publish","type":"page","link":"https:\/\/www.tomesa.sk\/","title":{"rendered":"O n\u00e1s"},"content":{"rendered":"\n<p>Vplyvom s\u00fa\u010dasn\u00e9ho \u017eivotn\u00e9ho \u0161t\u00fdlu a \u017eivotn\u00e9ho prostredia \u010doraz viacer\u00ed z n\u00e1s trpia ko\u017en\u00fdmi ochoreniami a boles\u0165ami pohybov\u00e9ho syst\u00e9mu. U\u017e vy\u0161e 20 rokov sa Lie\u010debn\u00e9 centrum TOMESA \u0161pecializuje na zdravotn\u00fa starostlivos\u0165 pre&nbsp; <strong>psoriatikov, ekzematikov a pacientov s in\u00fdmi ko\u017en\u00fdmi chorobami<\/strong>&nbsp;a&nbsp;pre pacientov s&nbsp;<strong>ochoreniami chrbtice, svalov a k\u013abov.<\/strong> N\u00e1\u0161 \u00faspech staviame na komplexnej diagnostike, kvalitnej zdravotnej starostlivosti pod\u013ea najnov\u0161\u00edch odborn\u00fdch referenci\u00ed, individu\u00e1lnom pr\u00edstupe a&nbsp;jedine\u010dnom pr\u00edstrojovom vybaven\u00ed. N\u00e1\u0161 t\u00edm odborn\u00fdch lek\u00e1rov a&nbsp;vy\u0161tudovan\u00fdch fyzioterapeutov s&nbsp;dlhoro\u010dnou praxou a&nbsp;kontinu\u00e1lnym vzdel\u00e1van\u00edm, ako aj v\u017edy mil\u00fd a&nbsp;ochotn\u00fd person\u00e1l recepcie a&nbsp;cel\u00e9ho centra s\u00fa tu pre V\u00e1s.<\/p>\n\n\n\n<p>U\u017e st\u00e1ro\u010dia \u013eudia vyu\u017e\u00edvaj\u00fa slne\u010dn\u00e9 \u017eiarenie a&nbsp;so\u013en\u00fd k\u00fape\u013e ako pr\u00edrodn\u00fd liek. V&nbsp;prirodzen\u00fdch podmienkach sa balneofototerapia vykon\u00e1va pri M\u0155tvom mori \u010di v&nbsp;Modrej Lag\u00fane na Islande. Inici\u00e1torom my\u0161lienky napodobni\u0165 lie\u010dbu pri&nbsp;M\u0155tvom mori, kde je najv\u00e4\u010d\u0161ia koncentr\u00e1cia sol\u00ed a&nbsp;intenz\u00edvne UV \u017eiarenie, bol K. Schneider, ktor\u00fd analogick\u00e9 proced\u00fary zaviedol v&nbsp;roku 1983 v&nbsp;hessensk\u00fdch k\u00fape\u013eoch BadSalzschlirf. Pre v\u00fdborn\u00e9 lie\u010debn\u00e9 v\u00fdsledky sa v&nbsp;roku 1992 p\u00f4vodn\u00fd penzi\u00f3n roz\u0161\u00edril na dva lie\u010debn\u00e9 domy s&nbsp;n\u00e1zvom TOMESA \u2013 Fachklinik.<br>TOMESA je akronymom z&nbsp;<strong>To<\/strong>tes<strong>Me<\/strong>er<strong>Sa<\/strong>lz \/So\u013e M\u0155tveho mora\/. Met\u00f3da TOMESA bola postupne \u00faspe\u0161ne vysk\u00fa\u0161an\u00e1 na klinike Charit\u00e9 v&nbsp;Berl\u00edne, na Nemeckej klinike pre diagnostiku vo Wiesbadene a v roku 1995 vykon\u00e1van\u00e1 v 13 dermatologick\u00fdch ambulanci\u00e1ch v&nbsp;Nemecku. Postupne sa met\u00f3da TOMESA roz\u0161\u00edrila do Talianska, \u010ceskej republiky a&nbsp;na Slovensko.<\/p>\n\n\n\n<p><strong><mark style=\"background-color:rgba(0, 0, 0, 0)\" class=\"has-inline-color has-bright-red-color\">NOVINKA &#8211; od 5.10. 2023<\/mark><\/strong><\/p>\n\n\n\n<p><strong><mark style=\"background-color:rgba(0, 0, 0, 0)\" class=\"has-inline-color has-bright-blue-color\">\u0160PECI\u00c1LNA FOKUSOVAN\u00c1 R\u00c1ZOV\u00c1 VLNA<\/mark><\/strong><\/p>\n\n\n\n<p><strong><mark style=\"background-color:rgba(0, 0, 0, 0)\" class=\"has-inline-color has-bright-blue-color\">CIELEN\u00c1 LIE\u010cBA PRENIK\u00c1 HLBOKO DO TKANIVA, NIE LEN NA POVRCHU.<\/mark><\/strong><\/p>\n","protected":false},"excerpt":{"rendered":"<p>Vplyvom s\u00fa\u010dasn\u00e9ho \u017eivotn\u00e9ho \u0161t\u00fdlu a \u017eivotn\u00e9ho prostredia \u010doraz viacer\u00ed z n\u00e1s trpia ko\u017en\u00fdmi ochoreniami a boles\u0165ami pohybov\u00e9ho syst\u00e9mu. U\u017e vy\u0161e 20 rokov sa Lie\u010debn\u00e9 centrum TOMESA \u0161pecializuje na zdravotn\u00fa starostlivos\u0165 pre&nbsp; psoriatikov, ekzematikov a pacientov s in\u00fdmi ko\u017en\u00fdmi chorobami&nbsp;a&nbsp;pre pacientov s&nbsp;ochoreniami chrbtice, svalov a k\u013abov. N\u00e1\u0161 \u00faspech staviame na komplexnej diagnostike, kvalitnej zdravotnej starostlivosti pod\u013ea &hellip; <a href=\"https:\/\/www.tomesa.sk\/\" class=\"more-link\">Pokra\u010dova\u0165 v \u010d\u00edtan\u00ed<span class=\"screen-reader-text\"> &#8222;O n\u00e1s&#8220;<\/span><\/a><\/p>\n","protected":false},"author":1,"featured_media":0,"parent":0,"menu_order":0,"comment_status":"closed","ping_status":"closed","template":"","meta":{"_monsterinsights_skip_tracking":false,"_monsterinsights_sitenote_active":false,"_monsterinsights_sitenote_note":"","_monsterinsights_sitenote_category":0,"footnotes":""},"class_list":["post-8","page","type-page","status-publish","hentry"],"yoast_head":"<!-- This site is optimized with the Yoast SEO plugin v27.4 - https:\/\/yoast.com\/product\/yoast-seo-wordpress\/ -->\n<title>O n\u00e1s - TOMESA<\/title>\n<meta name=\"robots\" content=\"index, follow, max-snippet:-1, max-image-preview:large, max-video-preview:-1\" \/>\n<link rel=\"canonical\" href=\"https:\/\/www.tomesa.sk\/\" \/>\n<meta property=\"og:locale\" content=\"sk_SK\" \/>\n<meta property=\"og:type\" content=\"article\" \/>\n<meta property=\"og:title\" content=\"O n\u00e1s - TOMESA\" \/>\n<meta property=\"og:description\" content=\"Vplyvom s\u00fa\u010dasn\u00e9ho \u017eivotn\u00e9ho \u0161t\u00fdlu a \u017eivotn\u00e9ho prostredia \u010doraz viacer\u00ed z n\u00e1s trpia ko\u017en\u00fdmi ochoreniami a boles\u0165ami pohybov\u00e9ho syst\u00e9mu. U\u017e vy\u0161e 20 rokov sa Lie\u010debn\u00e9 centrum TOMESA \u0161pecializuje na zdravotn\u00fa starostlivos\u0165 pre&nbsp; psoriatikov, ekzematikov a pacientov s in\u00fdmi ko\u017en\u00fdmi chorobami&nbsp;a&nbsp;pre pacientov s&nbsp;ochoreniami chrbtice, svalov a k\u013abov. N\u00e1\u0161 \u00faspech staviame na komplexnej diagnostike, kvalitnej zdravotnej starostlivosti pod\u013ea &hellip; Pokra\u010dova\u0165 v \u010d\u00edtan\u00ed &quot;O n\u00e1s&quot;\" \/>\n<meta property=\"og:url\" content=\"https:\/\/www.tomesa.sk\/\" \/>\n<meta property=\"og:site_name\" content=\"TOMESA\" \/>\n<meta property=\"article:modified_time\" content=\"2024-02-12T15:54:18+00:00\" \/>\n<meta name=\"twitter:card\" content=\"summary_large_image\" \/>\n<meta name=\"twitter:label1\" content=\"Predpokladan\u00fd \u010das \u010d\u00edtania\" \/>\n\t<meta name=\"twitter:data1\" content=\"2 min\u00faty\" \/>\n<script type=\"application\/ld+json\" class=\"yoast-schema-graph\">{\"@context\":\"https:\\\/\\\/schema.org\",\"@graph\":[{\"@type\":\"WebPage\",\"@id\":\"https:\\\/\\\/www.tomesa.sk\\\/\",\"url\":\"https:\\\/\\\/www.tomesa.sk\\\/\",\"name\":\"O n\u00e1s - TOMESA\",\"isPartOf\":{\"@id\":\"https:\\\/\\\/www.tomesa.sk\\\/#website\"},\"datePublished\":\"2023-01-16T17:53:16+00:00\",\"dateModified\":\"2024-02-12T15:54:18+00:00\",\"breadcrumb\":{\"@id\":\"https:\\\/\\\/www.tomesa.sk\\\/#breadcrumb\"},\"inLanguage\":\"sk-SK\",\"potentialAction\":[{\"@type\":\"ReadAction\",\"target\":[\"https:\\\/\\\/www.tomesa.sk\\\/\"]}]},{\"@type\":\"BreadcrumbList\",\"@id\":\"https:\\\/\\\/www.tomesa.sk\\\/#breadcrumb\",\"itemListElement\":[{\"@type\":\"ListItem\",\"position\":1,\"name\":\"Home\",\"item\":\"https:\\\/\\\/www.tomesa.sk\\\/\"},{\"@type\":\"ListItem\",\"position\":2,\"name\":\"O n\u00e1s\"}]},{\"@type\":\"WebSite\",\"@id\":\"https:\\\/\\\/www.tomesa.sk\\\/#website\",\"url\":\"https:\\\/\\\/www.tomesa.sk\\\/\",\"name\":\"TOMESA\",\"description\":\"Lie\u010debn\u00e9 Centrum Bratislava\",\"publisher\":{\"@id\":\"https:\\\/\\\/www.tomesa.sk\\\/#organization\"},\"potentialAction\":[{\"@type\":\"SearchAction\",\"target\":{\"@type\":\"EntryPoint\",\"urlTemplate\":\"https:\\\/\\\/www.tomesa.sk\\\/?s={search_term_string}\"},\"query-input\":{\"@type\":\"PropertyValueSpecification\",\"valueRequired\":true,\"valueName\":\"search_term_string\"}}],\"inLanguage\":\"sk-SK\"},{\"@type\":\"Organization\",\"@id\":\"https:\\\/\\\/www.tomesa.sk\\\/#organization\",\"name\":\"TOMESA\",\"url\":\"https:\\\/\\\/www.tomesa.sk\\\/\",\"logo\":{\"@type\":\"ImageObject\",\"inLanguage\":\"sk-SK\",\"@id\":\"https:\\\/\\\/www.tomesa.sk\\\/#\\\/schema\\\/logo\\\/image\\\/\",\"url\":\"https:\\\/\\\/www.tomesa.sk\\\/wp-content\\\/uploads\\\/2023\\\/01\\\/image002.png\",\"contentUrl\":\"https:\\\/\\\/www.tomesa.sk\\\/wp-content\\\/uploads\\\/2023\\\/01\\\/image002.png\",\"width\":230,\"height\":220,\"caption\":\"TOMESA\"},\"image\":{\"@id\":\"https:\\\/\\\/www.tomesa.sk\\\/#\\\/schema\\\/logo\\\/image\\\/\"}}]}<\/script>\n<!-- \/ Yoast SEO plugin. -->","yoast_head_json":{"title":"O n\u00e1s - TOMESA","robots":{"index":"index","follow":"follow","max-snippet":"max-snippet:-1","max-image-preview":"max-image-preview:large","max-video-preview":"max-video-preview:-1"},"canonical":"https:\/\/www.tomesa.sk\/","og_locale":"sk_SK","og_type":"article","og_title":"O n\u00e1s - TOMESA","og_description":"Vplyvom s\u00fa\u010dasn\u00e9ho \u017eivotn\u00e9ho \u0161t\u00fdlu a \u017eivotn\u00e9ho prostredia \u010doraz viacer\u00ed z n\u00e1s trpia ko\u017en\u00fdmi ochoreniami a boles\u0165ami pohybov\u00e9ho syst\u00e9mu. U\u017e vy\u0161e 20 rokov sa Lie\u010debn\u00e9 centrum TOMESA \u0161pecializuje na zdravotn\u00fa starostlivos\u0165 pre&nbsp; psoriatikov, ekzematikov a pacientov s in\u00fdmi ko\u017en\u00fdmi chorobami&nbsp;a&nbsp;pre pacientov s&nbsp;ochoreniami chrbtice, svalov a k\u013abov. N\u00e1\u0161 \u00faspech staviame na komplexnej diagnostike, kvalitnej zdravotnej starostlivosti pod\u013ea &hellip; Pokra\u010dova\u0165 v \u010d\u00edtan\u00ed \"O n\u00e1s\"","og_url":"https:\/\/www.tomesa.sk\/","og_site_name":"TOMESA","article_modified_time":"2024-02-12T15:54:18+00:00","twitter_card":"summary_large_image","twitter_misc":{"Predpokladan\u00fd \u010das \u010d\u00edtania":"2 min\u00faty"},"schema":{"@context":"https:\/\/schema.org","@graph":[{"@type":"WebPage","@id":"https:\/\/www.tomesa.sk\/","url":"https:\/\/www.tomesa.sk\/","name":"O n\u00e1s - TOMESA","isPartOf":{"@id":"https:\/\/www.tomesa.sk\/#website"},"datePublished":"2023-01-16T17:53:16+00:00","dateModified":"2024-02-12T15:54:18+00:00","breadcrumb":{"@id":"https:\/\/www.tomesa.sk\/#breadcrumb"},"inLanguage":"sk-SK","potentialAction":[{"@type":"ReadAction","target":["https:\/\/www.tomesa.sk\/"]}]},{"@type":"BreadcrumbList","@id":"https:\/\/www.tomesa.sk\/#breadcrumb","itemListElement":[{"@type":"ListItem","position":1,"name":"Home","item":"https:\/\/www.tomesa.sk\/"},{"@type":"ListItem","position":2,"name":"O n\u00e1s"}]},{"@type":"WebSite","@id":"https:\/\/www.tomesa.sk\/#website","url":"https:\/\/www.tomesa.sk\/","name":"TOMESA","description":"Lie\u010debn\u00e9 Centrum Bratislava","publisher":{"@id":"https:\/\/www.tomesa.sk\/#organization"},"potentialAction":[{"@type":"SearchAction","target":{"@type":"EntryPoint","urlTemplate":"https:\/\/www.tomesa.sk\/?s={search_term_string}"},"query-input":{"@type":"PropertyValueSpecification","valueRequired":true,"valueName":"search_term_string"}}],"inLanguage":"sk-SK"},{"@type":"Organization","@id":"https:\/\/www.tomesa.sk\/#organization","name":"TOMESA","url":"https:\/\/www.tomesa.sk\/","logo":{"@type":"ImageObject","inLanguage":"sk-SK","@id":"https:\/\/www.tomesa.sk\/#\/schema\/logo\/image\/","url":"https:\/\/www.tomesa.sk\/wp-content\/uploads\/2023\/01\/image002.png","contentUrl":"https:\/\/www.tomesa.sk\/wp-content\/uploads\/2023\/01\/image002.png","width":230,"height":220,"caption":"TOMESA"},"image":{"@id":"https:\/\/www.tomesa.sk\/#\/schema\/logo\/image\/"}}]}},"_links":{"self":[{"href":"https:\/\/www.tomesa.sk\/index.php?rest_route=\/wp\/v2\/pages\/8","targetHints":{"allow":["GET"]}}],"collection":[{"href":"https:\/\/www.tomesa.sk\/index.php?rest_route=\/wp\/v2\/pages"}],"about":[{"href":"https:\/\/www.tomesa.sk\/index.php?rest_route=\/wp\/v2\/types\/page"}],"author":[{"embeddable":true,"href":"https:\/\/www.tomesa.sk\/index.php?rest_route=\/wp\/v2\/users\/1"}],"replies":[{"embeddable":true,"href":"https:\/\/www.tomesa.sk\/index.php?rest_route=%2Fwp%2Fv2%2Fcomments&post=8"}],"version-history":[{"count":6,"href":"https:\/\/www.tomesa.sk\/index.php?rest_route=\/wp\/v2\/pages\/8\/revisions"}],"predecessor-version":[{"id":314,"href":"https:\/\/www.tomesa.sk\/index.php?rest_route=\/wp\/v2\/pages\/8\/revisions\/314"}],"wp:attachment":[{"href":"https:\/\/www.tomesa.sk\/index.php?rest_route=%2Fwp%2Fv2%2Fmedia&parent=8"}],"curies":[{"name":"wp","href":"https:\/\/api.w.org\/{rel}","templated":true}]}}