{"id":107,"date":"2023-01-16T21:22:58","date_gmt":"2023-01-16T20:22:58","guid":{"rendered":"https:\/\/www.tomesa.sk\/?page_id=107"},"modified":"2026-03-09T08:06:03","modified_gmt":"2026-03-09T07:06:03","slug":"ambulancia","status":"publish","type":"page","link":"https:\/\/www.tomesa.sk\/?page_id=107","title":{"rendered":"Fyziatrick\u00e1 ambulancia"},"content":{"rendered":"\n<p><strong>MUDr. Marta Strakov\u00e1<\/strong> a <strong>MUDr. Tamara Pavleov\u00e1<\/strong>, patria medzi \u0161pi\u010dku v odbore fyziatria. D\u00f4kladn\u00e9, 45 min. trvaj\u00face, fyzioterapeutick\u00e9 vy\u0161etrenie zah\u0155\u0148a n\u00e1ro\u010dn\u00e9 metodiky vr\u00e1tane najnov\u0161\u00edch odborn\u00fdch referenci\u00ed, ako aj poznatky psychol\u00f3gie a in\u00fdch odborov. V\u00a0pr\u00edpade potreby je pacient odoslan\u00fd na doplnkov\u00e9 vy\u0161etrenie k\u00a0spolupracuj\u00facim \u0161pecialistom (CT, RTG, MR).<\/p>\n\n\n\n<p>Vr\u00e1mci vy\u0161etrenia s\u00fa pod\u013ea rozhodnutia lek\u00e1ra poskytovan\u00e9:<\/p>\n\n\n\n<p><strong>Manipula\u010dn\u00fd v\u00fdkon<br><\/strong>cielen\u00fd, n\u00e1razov\u00fd &#8211; \u0161pecializovan\u00fd lie\u010debn\u00fd v\u00fdkon s&nbsp;cie\u013eom upravi\u0165 funk\u010dn\u00fa poruchu na jednom segmente v&nbsp;oblasti chrbtice alebo na jednom perif\u00e9rnom k\u013abe<\/p>\n\n\n\n<p><strong>Obstrekov\u00e9 techniky<br><\/strong>v&nbsp;oblasti chrbtice a&nbsp;perif\u00e9rnych k\u013abov napr. punkcia hematomu a&nbsp;instil\u00e1cia Mesocainu a&nbsp;kombin\u00e1cie in\u00e9ho lie\u010diva <a><\/a><\/p>\n\n\n\n<p><strong>Akupunkt\u00fara<\/strong><br>Akupunkt\u00fara je jedna z&nbsp;foriem reflexnej terapie s&nbsp;protibolestiv\u00fdm \u00fa\u010dinkom, zlep\u0161uje perif\u00e9rne poruchy pohyblivosti s&nbsp;\u00fa\u010dinkom na vegetat\u00edvne reakcie. Ve\u013emi vyu\u017e\u00edvan\u00e1 pri bolestiach hlavy a&nbsp;kr\u010dnej chrbtice.<\/p>\n\n\n\n<p>V&nbsp;lie\u010debnom centre m\u00e1me dlhoro\u010dn\u00e9 sk\u00fasenosti pri lie\u010dbe uveden\u00fdch diagn\u00f3z:<\/p>\n\n\n\n<h4 class=\"wp-block-heading\"><strong>\u0164a\u017ekosti pohybov\u00e9ho apar\u00e1tu<\/strong><\/h4>\n\n\n\n<ul class=\"wp-block-list\">\n<li>bolesti chrbtice (kr\u010dnej, hrudnej, bedrovej,&nbsp;driekovej, poruchy platni\u010diek)<\/li>\n\n\n\n<li>bolesti hlavy<\/li>\n\n\n\n<li>migr\u00e9ny<\/li>\n\n\n\n<li>bolesti v oblasti k\u013abov horn\u00fdch a doln\u00fdch kon\u010dat\u00edn<\/li>\n\n\n\n<li>viscero-vertebr\u00e1lne \u0165a\u017ekosti \u2013 bolesti pohybov\u00e9ho apar\u00e1tu sp\u00f4soben\u00e9 ochoren\u00edm vn\u00fatorn\u00fdch org\u00e1nov (funguje aj naopak)<\/li>\n\n\n\n<li>svalov\u00e1 nerovnov\u00e1ha<\/li>\n\n\n\n<li>svalov\u00e9 spazmy<\/li>\n<\/ul>\n\n\n\n<h4 class=\"wp-block-heading\"><strong>Poopera\u010dn\u00e9 stavy<\/strong><\/h4>\n\n\n\n<ul class=\"wp-block-list\">\n<li>po v\u00fdmene k\u013abov kolien, bedier, ramien, ale aj t\u00fdch menej be\u017en\u00fdch<\/li>\n\n\n\n<li>po tot\u00e1lnych\/parci\u00e1lnych n\u00e1hrad\u00e1ch k\u013abov<\/li>\n\n\n\n<li>frakt\u00fary<\/li>\n\n\n\n<li>po \u201ezo\u0161robovan\u00ed\u201c zlomen\u00fdch kost\u00ed (po implant\u00e1ci\u00ed osteosynt\u00e9zy)<\/li>\n\n\n\n<li>po artroskopii k\u013abov<\/li>\n\n\n\n<li>po plastik\u00e1ch v\u00e4zov a pod. v\u00fdkonoch<\/li>\n\n\n\n<li>po oper\u00e1ci\u00e1ch chrbtice<\/li>\n\n\n\n<li>akt\u00edvne patog\u00e9nne jazvy<\/li>\n<\/ul>\n\n\n\n<h4 class=\"wp-block-heading\"><strong>Po\u00farazov\u00e9 stavy<\/strong><\/h4>\n\n\n\n<ul class=\"wp-block-list\">\n<li>r\u00f4zne typy pomlia\u017edenia \u2013 napr. v\u00fdron \u010dlenku<\/li>\n\n\n\n<li>pracovn\u00e9 \u00farazy, \u0161portov\u00e9 \u00farazy (pre\u0165atie \u0161liach, svalov)<\/li>\n\n\n\n<li>stavy po zlomenin\u00e1ch<\/li>\n\n\n\n<li>stavy po vyk\u013aben\u00ed k\u013abov<\/li>\n<\/ul>\n\n\n\n<h4 class=\"wp-block-heading\"><strong>Predopera\u010dn\u00e9 stavy<\/strong><\/h4>\n\n\n\n<ul class=\"wp-block-list\">\n<li>pr\u00edprava pohybov\u00e9ho apar\u00e1tu pred pl\u00e1novanou oper\u00e1ciou<\/li>\n<\/ul>\n\n\n\n<h4 class=\"wp-block-heading\"><strong>Neurologick\u00e9 diagn\u00f3zy<\/strong><\/h4>\n\n\n\n<ul class=\"wp-block-list\">\n<li>stavy po mozgov\u00fdch pr\u00edhod\u00e1ch (CMP, m\u0155tvici);<\/li>\n\n\n\n<li>prepad\u00e1vanie \u0161pi\u010dky nohy, ruky, ochrnutie mimick\u00fdch svalov tv\u00e1re \u2013 l\u00e9zie perif\u00e9rnych nervov<\/li>\n\n\n\n<li>po\u0161kodenia v oblasti chrbtice<\/li>\n\n\n\n<li>\u201ekarp\u00e1lny tunel\u201c a in\u00e9 \u00fa\u017einov\u00e9 syndr\u00f3my<\/li>\n\n\n\n<li>prejavy roztr\u00fasenej skler\u00f3zy<\/li>\n\n\n\n<li>r\u00f4zne druhy neuropatii (napr. pri diabete, syndr\u00f3m Guillaina-Barr\u00e9ho)<\/li>\n\n\n\n<li>Parkinsonova choroba<\/li>\n<\/ul>\n\n\n\n<h4 class=\"wp-block-heading\"><strong>Opuchy r\u00f4zneho p\u00f4vodu<\/strong><\/h4>\n\n\n\n<ul class=\"wp-block-list\">\n<li>po oper\u00e1ci\u00e1ch karcin\u00f3mu prsn\u00edka, prostaty \u2013 miazgov\u00e9 (lymfatick\u00e9) opuchy<\/li>\n\n\n\n<li>poopera\u010dn\u00e9 opuchy<\/li>\n\n\n\n<li>po\u00farazov\u00e9 opuchy<\/li>\n\n\n\n<li>poz\u00e1palov\u00e9 opuchy<\/li>\n\n\n\n<li>\u017eilov\u00e9 opuchy (metli\u010dkov\u00e9 \u017eily, k\u0155\u010dov\u00e9 \u017eily)<\/li>\n<\/ul>\n\n\n\n<h4 class=\"wp-block-heading\"><strong>Degenerat\u00edvne ochorenie k\u013abov<\/strong><\/h4>\n\n\n\n<ul class=\"wp-block-list\">\n<li>artr\u00f3za bedrov\u00e9ho, kolenn\u00e9ho, ramenn\u00e9ho k\u013abu<\/li>\n\n\n\n<li>artr\u00f3za mal\u00fdch k\u013abov nohy\/ruky<\/li>\n\n\n\n<li>reumatick\u00e9 ochorenie<\/li>\n\n\n\n<li>Bechterev<\/li>\n\n\n\n<li>(poly)artrit\u00edda<\/li>\n<\/ul>\n\n\n\n<h4 class=\"wp-block-heading\"><strong>Poranenie m\u00e4kk\u00fdch tkan\u00edv<\/strong><\/h4>\n\n\n\n<ul class=\"wp-block-list\">\n<li>tenisov\u00fd\/golfov\u00fd lake\u0165 \u2013 tzv. entezopatia<\/li>\n\n\n\n<li>z\u00e1paly \u0161liach a ich puzdier<\/li>\n\n\n\n<li>z\u00e1pal Achillovej \u0161\u013eachy<\/li>\n\n\n\n<li>z\u00e1paly tia\u017eov\u00fdch va\u010dkov v okol\u00ed k\u013abov a \u0161liach \u2013 burzit\u00eddy<\/li>\n\n\n\n<li>natrhnutie\/pretrhnutie v\u00e4zov, svalov<\/li>\n<\/ul>\n\n\n\n<h4 class=\"wp-block-heading\"><strong>Prevent\u00edvna fyzioterapia<\/strong><\/h4>\n\n\n\n<ul class=\"wp-block-list\">\n<li>cvi\u010denia zameran\u00e9 na \u00fapravu svalovej dysbalancie<\/li>\n\n\n\n<li>\u0161kola chrbta<\/li>\n\n\n\n<li>spr\u00e1vna ergon\u00f3mia na pracovisku<\/li>\n<\/ul>\n","protected":false},"excerpt":{"rendered":"<p>MUDr. Marta Strakov\u00e1 a MUDr. Tamara Pavleov\u00e1, patria medzi \u0161pi\u010dku v odbore fyziatria. D\u00f4kladn\u00e9, 45 min. trvaj\u00face, fyzioterapeutick\u00e9 vy\u0161etrenie zah\u0155\u0148a n\u00e1ro\u010dn\u00e9 metodiky vr\u00e1tane najnov\u0161\u00edch odborn\u00fdch referenci\u00ed, ako aj poznatky psychol\u00f3gie a in\u00fdch odborov. V\u00a0pr\u00edpade potreby je pacient odoslan\u00fd na doplnkov\u00e9 vy\u0161etrenie k\u00a0spolupracuj\u00facim \u0161pecialistom (CT, RTG, MR). Vr\u00e1mci vy\u0161etrenia s\u00fa pod\u013ea rozhodnutia lek\u00e1ra poskytovan\u00e9: Manipula\u010dn\u00fd v\u00fdkoncielen\u00fd, &hellip; <a href=\"https:\/\/www.tomesa.sk\/?page_id=107\" class=\"more-link\">Pokra\u010dova\u0165 v \u010d\u00edtan\u00ed<span class=\"screen-reader-text\"> &#8222;Fyziatrick\u00e1 ambulancia&#8220;<\/span><\/a><\/p>\n","protected":false},"author":1,"featured_media":0,"parent":0,"menu_order":0,"comment_status":"closed","ping_status":"closed","template":"","meta":{"_monsterinsights_skip_tracking":false,"_monsterinsights_sitenote_active":false,"_monsterinsights_sitenote_note":"","_monsterinsights_sitenote_category":0,"footnotes":""},"class_list":["post-107","page","type-page","status-publish","hentry"],"yoast_head":"<!-- This site is optimized with the Yoast SEO plugin v27.5 - https:\/\/yoast.com\/product\/yoast-seo-wordpress\/ -->\n<title>Fyziatrick\u00e1 ambulancia - TOMESA<\/title>\n<meta name=\"robots\" content=\"index, follow, max-snippet:-1, max-image-preview:large, max-video-preview:-1\" \/>\n<link rel=\"canonical\" href=\"https:\/\/www.tomesa.sk\/?page_id=107\" \/>\n<meta property=\"og:locale\" content=\"sk_SK\" \/>\n<meta property=\"og:type\" content=\"article\" \/>\n<meta property=\"og:title\" content=\"Fyziatrick\u00e1 ambulancia - TOMESA\" \/>\n<meta property=\"og:description\" content=\"MUDr. Marta Strakov\u00e1 a MUDr. Tamara Pavleov\u00e1, patria medzi \u0161pi\u010dku v odbore fyziatria. D\u00f4kladn\u00e9, 45 min. trvaj\u00face, fyzioterapeutick\u00e9 vy\u0161etrenie zah\u0155\u0148a n\u00e1ro\u010dn\u00e9 metodiky vr\u00e1tane najnov\u0161\u00edch odborn\u00fdch referenci\u00ed, ako aj poznatky psychol\u00f3gie a in\u00fdch odborov. V\u00a0pr\u00edpade potreby je pacient odoslan\u00fd na doplnkov\u00e9 vy\u0161etrenie k\u00a0spolupracuj\u00facim \u0161pecialistom (CT, RTG, MR). Vr\u00e1mci vy\u0161etrenia s\u00fa pod\u013ea rozhodnutia lek\u00e1ra poskytovan\u00e9: Manipula\u010dn\u00fd v\u00fdkoncielen\u00fd, &hellip; Pokra\u010dova\u0165 v \u010d\u00edtan\u00ed &quot;Fyziatrick\u00e1 ambulancia&quot;\" \/>\n<meta property=\"og:url\" content=\"https:\/\/www.tomesa.sk\/?page_id=107\" \/>\n<meta property=\"og:site_name\" content=\"TOMESA\" \/>\n<meta property=\"article:modified_time\" content=\"2026-03-09T07:06:03+00:00\" \/>\n<meta name=\"twitter:card\" content=\"summary_large_image\" \/>\n<meta name=\"twitter:label1\" content=\"Predpokladan\u00fd \u010das \u010d\u00edtania\" \/>\n\t<meta name=\"twitter:data1\" content=\"2 min\u00faty\" \/>\n<script type=\"application\/ld+json\" class=\"yoast-schema-graph\">{\"@context\":\"https:\\\/\\\/schema.org\",\"@graph\":[{\"@type\":\"WebPage\",\"@id\":\"https:\\\/\\\/www.tomesa.sk\\\/?page_id=107\",\"url\":\"https:\\\/\\\/www.tomesa.sk\\\/?page_id=107\",\"name\":\"Fyziatrick\u00e1 ambulancia - TOMESA\",\"isPartOf\":{\"@id\":\"https:\\\/\\\/www.tomesa.sk\\\/#website\"},\"datePublished\":\"2023-01-16T20:22:58+00:00\",\"dateModified\":\"2026-03-09T07:06:03+00:00\",\"breadcrumb\":{\"@id\":\"https:\\\/\\\/www.tomesa.sk\\\/?page_id=107#breadcrumb\"},\"inLanguage\":\"sk-SK\",\"potentialAction\":[{\"@type\":\"ReadAction\",\"target\":[\"https:\\\/\\\/www.tomesa.sk\\\/?page_id=107\"]}]},{\"@type\":\"BreadcrumbList\",\"@id\":\"https:\\\/\\\/www.tomesa.sk\\\/?page_id=107#breadcrumb\",\"itemListElement\":[{\"@type\":\"ListItem\",\"position\":1,\"name\":\"Home\",\"item\":\"https:\\\/\\\/www.tomesa.sk\\\/\"},{\"@type\":\"ListItem\",\"position\":2,\"name\":\"Fyziatrick\u00e1 ambulancia\"}]},{\"@type\":\"WebSite\",\"@id\":\"https:\\\/\\\/www.tomesa.sk\\\/#website\",\"url\":\"https:\\\/\\\/www.tomesa.sk\\\/\",\"name\":\"TOMESA\",\"description\":\"Lie\u010debn\u00e9 Centrum Bratislava\",\"publisher\":{\"@id\":\"https:\\\/\\\/www.tomesa.sk\\\/#organization\"},\"potentialAction\":[{\"@type\":\"SearchAction\",\"target\":{\"@type\":\"EntryPoint\",\"urlTemplate\":\"https:\\\/\\\/www.tomesa.sk\\\/?s={search_term_string}\"},\"query-input\":{\"@type\":\"PropertyValueSpecification\",\"valueRequired\":true,\"valueName\":\"search_term_string\"}}],\"inLanguage\":\"sk-SK\"},{\"@type\":\"Organization\",\"@id\":\"https:\\\/\\\/www.tomesa.sk\\\/#organization\",\"name\":\"TOMESA\",\"url\":\"https:\\\/\\\/www.tomesa.sk\\\/\",\"logo\":{\"@type\":\"ImageObject\",\"inLanguage\":\"sk-SK\",\"@id\":\"https:\\\/\\\/www.tomesa.sk\\\/#\\\/schema\\\/logo\\\/image\\\/\",\"url\":\"https:\\\/\\\/www.tomesa.sk\\\/wp-content\\\/uploads\\\/2023\\\/01\\\/image002.png\",\"contentUrl\":\"https:\\\/\\\/www.tomesa.sk\\\/wp-content\\\/uploads\\\/2023\\\/01\\\/image002.png\",\"width\":230,\"height\":220,\"caption\":\"TOMESA\"},\"image\":{\"@id\":\"https:\\\/\\\/www.tomesa.sk\\\/#\\\/schema\\\/logo\\\/image\\\/\"}}]}<\/script>\n<!-- \/ Yoast SEO plugin. -->","yoast_head_json":{"title":"Fyziatrick\u00e1 ambulancia - TOMESA","robots":{"index":"index","follow":"follow","max-snippet":"max-snippet:-1","max-image-preview":"max-image-preview:large","max-video-preview":"max-video-preview:-1"},"canonical":"https:\/\/www.tomesa.sk\/?page_id=107","og_locale":"sk_SK","og_type":"article","og_title":"Fyziatrick\u00e1 ambulancia - TOMESA","og_description":"MUDr. Marta Strakov\u00e1 a MUDr. Tamara Pavleov\u00e1, patria medzi \u0161pi\u010dku v odbore fyziatria. D\u00f4kladn\u00e9, 45 min. trvaj\u00face, fyzioterapeutick\u00e9 vy\u0161etrenie zah\u0155\u0148a n\u00e1ro\u010dn\u00e9 metodiky vr\u00e1tane najnov\u0161\u00edch odborn\u00fdch referenci\u00ed, ako aj poznatky psychol\u00f3gie a in\u00fdch odborov. V\u00a0pr\u00edpade potreby je pacient odoslan\u00fd na doplnkov\u00e9 vy\u0161etrenie k\u00a0spolupracuj\u00facim \u0161pecialistom (CT, RTG, MR). Vr\u00e1mci vy\u0161etrenia s\u00fa pod\u013ea rozhodnutia lek\u00e1ra poskytovan\u00e9: Manipula\u010dn\u00fd v\u00fdkoncielen\u00fd, &hellip; Pokra\u010dova\u0165 v \u010d\u00edtan\u00ed \"Fyziatrick\u00e1 ambulancia\"","og_url":"https:\/\/www.tomesa.sk\/?page_id=107","og_site_name":"TOMESA","article_modified_time":"2026-03-09T07:06:03+00:00","twitter_card":"summary_large_image","twitter_misc":{"Predpokladan\u00fd \u010das \u010d\u00edtania":"2 min\u00faty"},"schema":{"@context":"https:\/\/schema.org","@graph":[{"@type":"WebPage","@id":"https:\/\/www.tomesa.sk\/?page_id=107","url":"https:\/\/www.tomesa.sk\/?page_id=107","name":"Fyziatrick\u00e1 ambulancia - TOMESA","isPartOf":{"@id":"https:\/\/www.tomesa.sk\/#website"},"datePublished":"2023-01-16T20:22:58+00:00","dateModified":"2026-03-09T07:06:03+00:00","breadcrumb":{"@id":"https:\/\/www.tomesa.sk\/?page_id=107#breadcrumb"},"inLanguage":"sk-SK","potentialAction":[{"@type":"ReadAction","target":["https:\/\/www.tomesa.sk\/?page_id=107"]}]},{"@type":"BreadcrumbList","@id":"https:\/\/www.tomesa.sk\/?page_id=107#breadcrumb","itemListElement":[{"@type":"ListItem","position":1,"name":"Home","item":"https:\/\/www.tomesa.sk\/"},{"@type":"ListItem","position":2,"name":"Fyziatrick\u00e1 ambulancia"}]},{"@type":"WebSite","@id":"https:\/\/www.tomesa.sk\/#website","url":"https:\/\/www.tomesa.sk\/","name":"TOMESA","description":"Lie\u010debn\u00e9 Centrum Bratislava","publisher":{"@id":"https:\/\/www.tomesa.sk\/#organization"},"potentialAction":[{"@type":"SearchAction","target":{"@type":"EntryPoint","urlTemplate":"https:\/\/www.tomesa.sk\/?s={search_term_string}"},"query-input":{"@type":"PropertyValueSpecification","valueRequired":true,"valueName":"search_term_string"}}],"inLanguage":"sk-SK"},{"@type":"Organization","@id":"https:\/\/www.tomesa.sk\/#organization","name":"TOMESA","url":"https:\/\/www.tomesa.sk\/","logo":{"@type":"ImageObject","inLanguage":"sk-SK","@id":"https:\/\/www.tomesa.sk\/#\/schema\/logo\/image\/","url":"https:\/\/www.tomesa.sk\/wp-content\/uploads\/2023\/01\/image002.png","contentUrl":"https:\/\/www.tomesa.sk\/wp-content\/uploads\/2023\/01\/image002.png","width":230,"height":220,"caption":"TOMESA"},"image":{"@id":"https:\/\/www.tomesa.sk\/#\/schema\/logo\/image\/"}}]}},"_links":{"self":[{"href":"https:\/\/www.tomesa.sk\/index.php?rest_route=\/wp\/v2\/pages\/107","targetHints":{"allow":["GET"]}}],"collection":[{"href":"https:\/\/www.tomesa.sk\/index.php?rest_route=\/wp\/v2\/pages"}],"about":[{"href":"https:\/\/www.tomesa.sk\/index.php?rest_route=\/wp\/v2\/types\/page"}],"author":[{"embeddable":true,"href":"https:\/\/www.tomesa.sk\/index.php?rest_route=\/wp\/v2\/users\/1"}],"replies":[{"embeddable":true,"href":"https:\/\/www.tomesa.sk\/index.php?rest_route=%2Fwp%2Fv2%2Fcomments&post=107"}],"version-history":[{"count":5,"href":"https:\/\/www.tomesa.sk\/index.php?rest_route=\/wp\/v2\/pages\/107\/revisions"}],"predecessor-version":[{"id":365,"href":"https:\/\/www.tomesa.sk\/index.php?rest_route=\/wp\/v2\/pages\/107\/revisions\/365"}],"wp:attachment":[{"href":"https:\/\/www.tomesa.sk\/index.php?rest_route=%2Fwp%2Fv2%2Fmedia&parent=107"}],"curies":[{"name":"wp","href":"https:\/\/api.w.org\/{rel}","templated":true}]}}