{"id":10,"date":"2023-01-16T18:53:16","date_gmt":"2023-01-16T17:53:16","guid":{"rendered":"https:\/\/www.tomesa.sk\/?page_id=10"},"modified":"2023-06-26T07:31:26","modified_gmt":"2023-06-26T05:31:26","slug":"kontakt","status":"publish","type":"page","link":"https:\/\/www.tomesa.sk\/?page_id=10","title":{"rendered":"Kontakt"},"content":{"rendered":"\n<p class=\"has-medium-font-size\"><strong>Adresa:<\/strong><br>TOMESA<br>Opavsk\u00e1 26, Bratislava &#8211; Kram\u00e1re<\/p>\n\n\n\n<p class=\"has-medium-font-size\"><strong>Mobil:<\/strong> 0915 831 114<\/p>\n\n\n\n<p class=\"has-medium-font-size\"><strong> Tel:<\/strong> 02\/547 921 75<\/p>\n\n\n\n<p class=\"has-medium-font-size\"><strong>Email:<\/strong> <a href=\"mailto:recepcia@tomesa.sk\">recepcia@tomesa.sk<\/a><\/p>\n\n\n\n<p class=\"has-medium-font-size\"><strong>Hodiny<\/strong>:<br>Pondelok a\u017e piatok, 7:00 \u2013 17:00<br>Sobota a nede\u013ea: Zatvoren\u00e9<\/p>\n\n\n\n<p><\/p>\n","protected":false},"excerpt":{"rendered":"<p>Adresa:TOMESAOpavsk\u00e1 26, Bratislava &#8211; Kram\u00e1re Mobil: 0915 831 114 Tel: 02\/547 921 75 Email: recepcia@tomesa.sk Hodiny:Pondelok a\u017e piatok, 7:00 \u2013 17:00Sobota a nede\u013ea: Zatvoren\u00e9<\/p>\n","protected":false},"author":1,"featured_media":0,"parent":0,"menu_order":0,"comment_status":"closed","ping_status":"closed","template":"","meta":{"_monsterinsights_skip_tracking":false,"_monsterinsights_sitenote_active":false,"_monsterinsights_sitenote_note":"","_monsterinsights_sitenote_category":0,"footnotes":""},"class_list":["post-10","page","type-page","status-publish","hentry"],"yoast_head":"<!-- This site is optimized with the Yoast SEO plugin v27.5 - https:\/\/yoast.com\/product\/yoast-seo-wordpress\/ -->\n<title>Kontakt - TOMESA<\/title>\n<meta name=\"robots\" content=\"index, follow, max-snippet:-1, max-image-preview:large, max-video-preview:-1\" \/>\n<link rel=\"canonical\" href=\"https:\/\/www.tomesa.sk\/?page_id=10\" \/>\n<meta property=\"og:locale\" content=\"sk_SK\" \/>\n<meta property=\"og:type\" content=\"article\" \/>\n<meta property=\"og:title\" content=\"Kontakt - TOMESA\" \/>\n<meta property=\"og:description\" content=\"Adresa:TOMESAOpavsk\u00e1 26, Bratislava &#8211; Kram\u00e1re Mobil: 0915 831 114 Tel: 02\/547 921 75 Email: recepcia@tomesa.sk Hodiny:Pondelok a\u017e piatok, 7:00 \u2013 17:00Sobota a nede\u013ea: Zatvoren\u00e9\" \/>\n<meta property=\"og:url\" content=\"https:\/\/www.tomesa.sk\/?page_id=10\" \/>\n<meta property=\"og:site_name\" content=\"TOMESA\" \/>\n<meta property=\"article:modified_time\" content=\"2023-06-26T05:31:26+00:00\" \/>\n<meta name=\"twitter:card\" content=\"summary_large_image\" \/>\n<meta name=\"twitter:label1\" content=\"Predpokladan\u00fd \u010das \u010d\u00edtania\" \/>\n\t<meta name=\"twitter:data1\" content=\"1 min\u00fata\" \/>\n<script type=\"application\/ld+json\" class=\"yoast-schema-graph\">{\"@context\":\"https:\\\/\\\/schema.org\",\"@graph\":[{\"@type\":\"WebPage\",\"@id\":\"https:\\\/\\\/www.tomesa.sk\\\/?page_id=10\",\"url\":\"https:\\\/\\\/www.tomesa.sk\\\/?page_id=10\",\"name\":\"Kontakt - TOMESA\",\"isPartOf\":{\"@id\":\"https:\\\/\\\/www.tomesa.sk\\\/#website\"},\"datePublished\":\"2023-01-16T17:53:16+00:00\",\"dateModified\":\"2023-06-26T05:31:26+00:00\",\"breadcrumb\":{\"@id\":\"https:\\\/\\\/www.tomesa.sk\\\/?page_id=10#breadcrumb\"},\"inLanguage\":\"sk-SK\",\"potentialAction\":[{\"@type\":\"ReadAction\",\"target\":[\"https:\\\/\\\/www.tomesa.sk\\\/?page_id=10\"]}]},{\"@type\":\"BreadcrumbList\",\"@id\":\"https:\\\/\\\/www.tomesa.sk\\\/?page_id=10#breadcrumb\",\"itemListElement\":[{\"@type\":\"ListItem\",\"position\":1,\"name\":\"Home\",\"item\":\"https:\\\/\\\/www.tomesa.sk\\\/\"},{\"@type\":\"ListItem\",\"position\":2,\"name\":\"Kontakt\"}]},{\"@type\":\"WebSite\",\"@id\":\"https:\\\/\\\/www.tomesa.sk\\\/#website\",\"url\":\"https:\\\/\\\/www.tomesa.sk\\\/\",\"name\":\"TOMESA\",\"description\":\"Lie\u010debn\u00e9 Centrum Bratislava\",\"publisher\":{\"@id\":\"https:\\\/\\\/www.tomesa.sk\\\/#organization\"},\"potentialAction\":[{\"@type\":\"SearchAction\",\"target\":{\"@type\":\"EntryPoint\",\"urlTemplate\":\"https:\\\/\\\/www.tomesa.sk\\\/?s={search_term_string}\"},\"query-input\":{\"@type\":\"PropertyValueSpecification\",\"valueRequired\":true,\"valueName\":\"search_term_string\"}}],\"inLanguage\":\"sk-SK\"},{\"@type\":\"Organization\",\"@id\":\"https:\\\/\\\/www.tomesa.sk\\\/#organization\",\"name\":\"TOMESA\",\"url\":\"https:\\\/\\\/www.tomesa.sk\\\/\",\"logo\":{\"@type\":\"ImageObject\",\"inLanguage\":\"sk-SK\",\"@id\":\"https:\\\/\\\/www.tomesa.sk\\\/#\\\/schema\\\/logo\\\/image\\\/\",\"url\":\"https:\\\/\\\/www.tomesa.sk\\\/wp-content\\\/uploads\\\/2023\\\/01\\\/image002.png\",\"contentUrl\":\"https:\\\/\\\/www.tomesa.sk\\\/wp-content\\\/uploads\\\/2023\\\/01\\\/image002.png\",\"width\":230,\"height\":220,\"caption\":\"TOMESA\"},\"image\":{\"@id\":\"https:\\\/\\\/www.tomesa.sk\\\/#\\\/schema\\\/logo\\\/image\\\/\"}}]}<\/script>\n<!-- \/ Yoast SEO plugin. -->","yoast_head_json":{"title":"Kontakt - TOMESA","robots":{"index":"index","follow":"follow","max-snippet":"max-snippet:-1","max-image-preview":"max-image-preview:large","max-video-preview":"max-video-preview:-1"},"canonical":"https:\/\/www.tomesa.sk\/?page_id=10","og_locale":"sk_SK","og_type":"article","og_title":"Kontakt - TOMESA","og_description":"Adresa:TOMESAOpavsk\u00e1 26, Bratislava &#8211; Kram\u00e1re Mobil: 0915 831 114 Tel: 02\/547 921 75 Email: recepcia@tomesa.sk Hodiny:Pondelok a\u017e piatok, 7:00 \u2013 17:00Sobota a nede\u013ea: Zatvoren\u00e9","og_url":"https:\/\/www.tomesa.sk\/?page_id=10","og_site_name":"TOMESA","article_modified_time":"2023-06-26T05:31:26+00:00","twitter_card":"summary_large_image","twitter_misc":{"Predpokladan\u00fd \u010das \u010d\u00edtania":"1 min\u00fata"},"schema":{"@context":"https:\/\/schema.org","@graph":[{"@type":"WebPage","@id":"https:\/\/www.tomesa.sk\/?page_id=10","url":"https:\/\/www.tomesa.sk\/?page_id=10","name":"Kontakt - TOMESA","isPartOf":{"@id":"https:\/\/www.tomesa.sk\/#website"},"datePublished":"2023-01-16T17:53:16+00:00","dateModified":"2023-06-26T05:31:26+00:00","breadcrumb":{"@id":"https:\/\/www.tomesa.sk\/?page_id=10#breadcrumb"},"inLanguage":"sk-SK","potentialAction":[{"@type":"ReadAction","target":["https:\/\/www.tomesa.sk\/?page_id=10"]}]},{"@type":"BreadcrumbList","@id":"https:\/\/www.tomesa.sk\/?page_id=10#breadcrumb","itemListElement":[{"@type":"ListItem","position":1,"name":"Home","item":"https:\/\/www.tomesa.sk\/"},{"@type":"ListItem","position":2,"name":"Kontakt"}]},{"@type":"WebSite","@id":"https:\/\/www.tomesa.sk\/#website","url":"https:\/\/www.tomesa.sk\/","name":"TOMESA","description":"Lie\u010debn\u00e9 Centrum Bratislava","publisher":{"@id":"https:\/\/www.tomesa.sk\/#organization"},"potentialAction":[{"@type":"SearchAction","target":{"@type":"EntryPoint","urlTemplate":"https:\/\/www.tomesa.sk\/?s={search_term_string}"},"query-input":{"@type":"PropertyValueSpecification","valueRequired":true,"valueName":"search_term_string"}}],"inLanguage":"sk-SK"},{"@type":"Organization","@id":"https:\/\/www.tomesa.sk\/#organization","name":"TOMESA","url":"https:\/\/www.tomesa.sk\/","logo":{"@type":"ImageObject","inLanguage":"sk-SK","@id":"https:\/\/www.tomesa.sk\/#\/schema\/logo\/image\/","url":"https:\/\/www.tomesa.sk\/wp-content\/uploads\/2023\/01\/image002.png","contentUrl":"https:\/\/www.tomesa.sk\/wp-content\/uploads\/2023\/01\/image002.png","width":230,"height":220,"caption":"TOMESA"},"image":{"@id":"https:\/\/www.tomesa.sk\/#\/schema\/logo\/image\/"}}]}},"_links":{"self":[{"href":"https:\/\/www.tomesa.sk\/index.php?rest_route=\/wp\/v2\/pages\/10","targetHints":{"allow":["GET"]}}],"collection":[{"href":"https:\/\/www.tomesa.sk\/index.php?rest_route=\/wp\/v2\/pages"}],"about":[{"href":"https:\/\/www.tomesa.sk\/index.php?rest_route=\/wp\/v2\/types\/page"}],"author":[{"embeddable":true,"href":"https:\/\/www.tomesa.sk\/index.php?rest_route=\/wp\/v2\/users\/1"}],"replies":[{"embeddable":true,"href":"https:\/\/www.tomesa.sk\/index.php?rest_route=%2Fwp%2Fv2%2Fcomments&post=10"}],"version-history":[{"count":6,"href":"https:\/\/www.tomesa.sk\/index.php?rest_route=\/wp\/v2\/pages\/10\/revisions"}],"predecessor-version":[{"id":285,"href":"https:\/\/www.tomesa.sk\/index.php?rest_route=\/wp\/v2\/pages\/10\/revisions\/285"}],"wp:attachment":[{"href":"https:\/\/www.tomesa.sk\/index.php?rest_route=%2Fwp%2Fv2%2Fmedia&parent=10"}],"curies":[{"name":"wp","href":"https:\/\/api.w.org\/{rel}","templated":true}]}}